{"id":15,"date":"2024-04-23T14:57:20","date_gmt":"2024-04-23T12:57:20","guid":{"rendered":"https:\/\/dessart.test.spleen-creation.be\/?page_id=15"},"modified":"2024-05-27T12:19:26","modified_gmt":"2024-05-27T10:19:26","slug":"entreprise","status":"publish","type":"page","link":"https:\/\/dessart.test.spleen-creation.be\/fr\/entreprise\/","title":{"rendered":"Entreprise"},"content":{"rendered":"\t\t<div data-elementor-type=\"wp-page\" data-elementor-id=\"15\" class=\"elementor elementor-15\" data-elementor-post-type=\"page\">\n\t\t\t\t<div class=\"elementor-element elementor-element-1ced213 e-flex e-con-boxed e-con e-parent\" data-id=\"1ced213\" data-element_type=\"container\">\n\t\t\t\t\t<div class=\"e-con-inner\">\n\t\t<div class=\"elementor-element elementor-element-603df5d e-con-full e-flex e-con e-child\" data-id=\"603df5d\" data-element_type=\"container\">\n\t\t\t\t<div class=\"elementor-element elementor-element-e0b8248 elementor-widget elementor-widget-text-editor\" data-id=\"e0b8248\" data-element_type=\"widget\" data-widget_type=\"text-editor.default\">\n\t\t\t\t<div class=\"elementor-widget-container\">\n\t\t\t<style>\/*! elementor - v3.21.0 - 26-05-2024 *\/\n.elementor-widget-text-editor.elementor-drop-cap-view-stacked .elementor-drop-cap{background-color:#69727d;color:#fff}.elementor-widget-text-editor.elementor-drop-cap-view-framed .elementor-drop-cap{color:#69727d;border:3px solid;background-color:transparent}.elementor-widget-text-editor:not(.elementor-drop-cap-view-default) .elementor-drop-cap{margin-top:8px}.elementor-widget-text-editor:not(.elementor-drop-cap-view-default) .elementor-drop-cap-letter{width:1em;height:1em}.elementor-widget-text-editor .elementor-drop-cap{float:left;text-align:center;line-height:1;font-size:50px}.elementor-widget-text-editor .elementor-drop-cap-letter{display:inline-block}<\/style>\t\t\t\t<p>Dessart est une entreprise familiale implant\u00e9e au coeur de l&rsquo;Union Europ\u00e9enne<\/p>\t\t\t\t\t\t<\/div>\n\t\t\t\t<\/div>\n\t\t\t\t<\/div>\n\t\t<div class=\"elementor-element elementor-element-5055d80 e-con-full e-flex e-con e-child\" data-id=\"5055d80\" data-element_type=\"container\">\n\t\t\t\t<div class=\"elementor-element elementor-element-cd96a65 elementor-widget elementor-widget-heading\" data-id=\"cd96a65\" data-element_type=\"widget\" data-widget_type=\"heading.default\">\n\t\t\t\t<div class=\"elementor-widget-container\">\n\t\t\t<style>\/*! elementor - v3.21.0 - 26-05-2024 *\/\n.elementor-heading-title{padding:0;margin:0;line-height:1}.elementor-widget-heading .elementor-heading-title[class*=elementor-size-]>a{color:inherit;font-size:inherit;line-height:inherit}.elementor-widget-heading .elementor-heading-title.elementor-size-small{font-size:15px}.elementor-widget-heading .elementor-heading-title.elementor-size-medium{font-size:19px}.elementor-widget-heading .elementor-heading-title.elementor-size-large{font-size:29px}.elementor-widget-heading .elementor-heading-title.elementor-size-xl{font-size:39px}.elementor-widget-heading .elementor-heading-title.elementor-size-xxl{font-size:59px}<\/style><h2 class=\"elementor-heading-title elementor-size-default\">Dessart f\u00eate ses 75 ans en 2025 !<\/h2>\t\t<\/div>\n\t\t\t\t<\/div>\n\t\t\t\t<\/div>\n\t\t\t\t\t<\/div>\n\t\t\t\t<\/div>\n\t\t<div class=\"elementor-element elementor-element-476af15 e-flex e-con-boxed e-con e-parent\" data-id=\"476af15\" data-element_type=\"container\">\n\t\t\t\t\t<div class=\"e-con-inner\">\n\t\t<div class=\"elementor-element elementor-element-d63af19 e-con-full e-flex e-con e-child\" data-id=\"d63af19\" data-element_type=\"container\">\n\t\t\t\t<div class=\"elementor-element elementor-element-e0e83ce elementor-widget elementor-widget-image\" data-id=\"e0e83ce\" data-element_type=\"widget\" data-widget_type=\"image.default\">\n\t\t\t\t<div class=\"elementor-widget-container\">\n\t\t\t<style>\/*! elementor - v3.21.0 - 26-05-2024 *\/\n.elementor-widget-image{text-align:center}.elementor-widget-image a{display:inline-block}.elementor-widget-image a img[src$=\".svg\"]{width:48px}.elementor-widget-image img{vertical-align:middle;display:inline-block}<\/style>\t\t\t\t\t\t\t\t\t\t<img fetchpriority=\"high\" decoding=\"async\" width=\"497\" height=\"526\" src=\"https:\/\/dessart.test.spleen-creation.be\/wp-content\/uploads\/2024\/04\/5_76886_image.jpg\" class=\"attachment-2048x2048 size-2048x2048 wp-image-128\" alt=\"\" srcset=\"https:\/\/dessart.test.spleen-creation.be\/wp-content\/uploads\/2024\/04\/5_76886_image.jpg 497w, https:\/\/dessart.test.spleen-creation.be\/wp-content\/uploads\/2024\/04\/5_76886_image-283x300.jpg 283w\" sizes=\"(max-width: 497px) 100vw, 497px\" \/>\t\t\t\t\t\t\t\t\t\t\t\t\t<\/div>\n\t\t\t\t<\/div>\n\t\t\t\t<\/div>\n\t\t<div class=\"elementor-element elementor-element-d663e9e e-con-full e-flex e-con e-child\" data-id=\"d663e9e\" data-element_type=\"container\">\n\t\t\t\t<div class=\"elementor-element elementor-element-8dd20d8 elementor-widget elementor-widget-text-editor\" data-id=\"8dd20d8\" data-element_type=\"widget\" data-widget_type=\"text-editor.default\">\n\t\t\t\t<div class=\"elementor-widget-container\">\n\t\t\t\t\t\t\t<p>D\u00e8s le d\u00e9but du si\u00e8cle, son d\u00e9veloppement est assur\u00e9 par la comp\u00e9tence et le d\u00e9vouement de son \u00e9quipe. La priorit\u00e9 est accor\u00add\u00e9e \u00e0 la qualit\u00e9 des relations humaines et au progr\u00e8s technologique. Dessart est aussi une maison de tradition qui traite chaque client de fa\u00e7on efficace, pr\u00e9cise, soign\u00e9e et polie. Partenaires d&rsquo;aujourd&rsquo;hui et de demain, nous avons le plaisir et l&rsquo;hon\u00adneur de vous pr\u00e9senter Dessart !<\/p><h1>\u00a0<\/h1><h3><strong>Plans<\/strong><\/h3><p>Au bureau, \u00e0 l&rsquo;usine, \u00e0 l&rsquo;h\u00f4tel, \u00e0 l&rsquo;hopital ou \u00e0 votre domicile, une seule clef vous permet d&rsquo;ouvrir toutes les serrures de votre choix. Organigrammes et plans confidentiels r\u00e9alis\u00e9s par nos soins sur ordinateur.<\/p>\t\t\t\t\t\t<\/div>\n\t\t\t\t<\/div>\n\t\t\t\t<\/div>\n\t\t\t\t\t<\/div>\n\t\t\t\t<\/div>\n\t\t\t\t<\/div>\n\t\t","protected":false},"excerpt":{"rendered":"<p>Dessart est une entreprise familiale implant\u00e9e au coeur de l&rsquo;Union Europ\u00e9enne Dessart f\u00eate ses 75 ans en 2025 ! D\u00e8s le d\u00e9but du si\u00e8cle, son d\u00e9veloppement est assur\u00e9 par la comp\u00e9tence et le d\u00e9vouement de son \u00e9quipe. La priorit\u00e9 est accor\u00add\u00e9e \u00e0 la qualit\u00e9 des relations humaines et au progr\u00e8s technologique. Dessart est aussi une [&hellip;]<\/p>\n","protected":false},"author":1,"featured_media":0,"parent":0,"menu_order":0,"comment_status":"closed","ping_status":"closed","template":"","meta":{"inline_featured_image":false,"footnotes":""},"class_list":["post-15","page","type-page","status-publish","hentry"],"_links":{"self":[{"href":"https:\/\/dessart.test.spleen-creation.be\/fr\/wp-json\/wp\/v2\/pages\/15","targetHints":{"allow":["GET"]}}],"collection":[{"href":"https:\/\/dessart.test.spleen-creation.be\/fr\/wp-json\/wp\/v2\/pages"}],"about":[{"href":"https:\/\/dessart.test.spleen-creation.be\/fr\/wp-json\/wp\/v2\/types\/page"}],"author":[{"embeddable":true,"href":"https:\/\/dessart.test.spleen-creation.be\/fr\/wp-json\/wp\/v2\/users\/1"}],"replies":[{"embeddable":true,"href":"https:\/\/dessart.test.spleen-creation.be\/fr\/wp-json\/wp\/v2\/comments?post=15"}],"version-history":[{"count":4,"href":"https:\/\/dessart.test.spleen-creation.be\/fr\/wp-json\/wp\/v2\/pages\/15\/revisions"}],"predecessor-version":[{"id":405,"href":"https:\/\/dessart.test.spleen-creation.be\/fr\/wp-json\/wp\/v2\/pages\/15\/revisions\/405"}],"wp:attachment":[{"href":"https:\/\/dessart.test.spleen-creation.be\/fr\/wp-json\/wp\/v2\/media?parent=15"}],"curies":[{"name":"wp","href":"https:\/\/api.w.org\/{rel}","templated":true}]}}