{"id":3,"date":"2024-04-16T13:47:58","date_gmt":"2024-04-16T11:47:58","guid":{"rendered":"https:\/\/dessart.test.spleen-creation.be\/?page_id=3"},"modified":"2024-05-27T10:13:53","modified_gmt":"2024-05-27T08:13:53","slug":"politique-de-confidentialite","status":"publish","type":"page","link":"https:\/\/dessart.test.spleen-creation.be\/fr\/politique-de-confidentialite\/","title":{"rendered":"Politique de confidentialit\u00e9"},"content":{"rendered":"\t\t<div data-elementor-type=\"wp-page\" data-elementor-id=\"3\" class=\"elementor elementor-3\" data-elementor-post-type=\"page\">\n\t\t\t\t<div class=\"elementor-element elementor-element-31a0e482 e-flex e-con-boxed e-con e-parent\" data-id=\"31a0e482\" data-element_type=\"container\">\n\t\t\t\t\t<div class=\"e-con-inner\">\n\t\t\t\t<div class=\"elementor-element elementor-element-3c558fe5 elementor-widget elementor-widget-text-editor\" data-id=\"3c558fe5\" data-element_type=\"widget\" data-widget_type=\"text-editor.default\">\n\t\t\t\t<div class=\"elementor-widget-container\">\n\t\t\t<style>\/*! elementor - v3.21.0 - 26-05-2024 *\/\n.elementor-widget-text-editor.elementor-drop-cap-view-stacked .elementor-drop-cap{background-color:#69727d;color:#fff}.elementor-widget-text-editor.elementor-drop-cap-view-framed .elementor-drop-cap{color:#69727d;border:3px solid;background-color:transparent}.elementor-widget-text-editor:not(.elementor-drop-cap-view-default) .elementor-drop-cap{margin-top:8px}.elementor-widget-text-editor:not(.elementor-drop-cap-view-default) .elementor-drop-cap-letter{width:1em;height:1em}.elementor-widget-text-editor .elementor-drop-cap{float:left;text-align:center;line-height:1;font-size:50px}.elementor-widget-text-editor .elementor-drop-cap-letter{display:inline-block}<\/style>\t\t\t\t<h4 class=\"western\"><strong>Quelles sont les donn\u00e9es que nous collectons, pour quelle finalit\u00e9 et sur quelle base l\u00e9gale ?<\/strong><\/h4>\t\t\t\t\t\t<\/div>\n\t\t\t\t<\/div>\n\t\t\t\t<div class=\"elementor-element elementor-element-934fda6 elementor-widget elementor-widget-text-editor\" data-id=\"934fda6\" data-element_type=\"widget\" data-widget_type=\"text-editor.default\">\n\t\t\t\t<div class=\"elementor-widget-container\">\n\t\t\t\t\t\t\t<ol>\n<li>\n<p><strong>Les donn\u00e9es que nous collectons directement aupr\u00e8s de vous. (Il s&rsquo;agit des donn\u00e9es que vous nous communiquez) :<\/strong><\/p>\n<\/li>\n<\/ol>\n<p>Au travers de notre site internet lorsque vous utilisez le formulaire de contact afin de recevoir une information de notre part concernant nos produits et\/services.<\/p>\n<p>Nous utilisons ces donn\u00e9es (notamment votre nom, pr\u00e9nom, adresse e-mail, \u2026) pour pouvoir vous recontacter avec l&rsquo;information la plus pertinente possible (consentement).<\/p>\n<p>De mani\u00e8re g\u00e9n\u00e9rale, les donn\u00e9es assorties d&rsquo;un ast\u00e9risque sont obligatoires. A d\u00e9faut de fournir ces informations, la demande li\u00e9e au(x) formulaire(s) sollicit\u00e9(s), nous ne pourrons vous recontacter.<\/p>\n<ol start=\"2\">\n<li>\n<p><strong>Les donn\u00e9es que nous collectons lorsque vous interagissez avec le site.<\/strong><\/p>\n<\/li>\n<\/ol>\n<p>Lorsque vous acc\u00e9dez au site, les serveurs consult\u00e9s collectent automatiquement les donn\u00e9es suivantes : l&rsquo;adresse IP qui vous est attribu\u00e9e lors de votre connexion, la date et l&rsquo;heure d&rsquo;acc\u00e8s au site, les pages consult\u00e9es, le type de navigateur (browser) utilis\u00e9, la plate-forme et\/ou le syst\u00e8me d&rsquo;exploitation install\u00e9 sur votre ordinateur, le volume des donn\u00e9es transf\u00e9r\u00e9es, le site r\u00e9f\u00e9rent, des informations g\u00e9ographique et linguistiques. Ces informations ne sont conserv\u00e9es qu&rsquo;\u00e0 des fins statistiques d&rsquo;apporter des am\u00e9liorations au site.<\/p>\n<ol start=\"3\">\n<li>\n<p><strong>Pendant quelle dur\u00e9e conservons-nous vos donn\u00e9es ?<\/strong><\/p>\n<\/li>\n<\/ol>\n<p>Nous conserverons vos donn\u00e9es pour la dur\u00e9e n\u00e9cessaire aux op\u00e9rations pour lesquelles elles ont \u00e9t\u00e9 collect\u00e9es ainsi que dans le respect de la l\u00e9gislation en vigueur.<\/p>\n<ol start=\"4\">\n<li>\n<p><strong>\u00c0 qui vos donn\u00e9es peuvent-elles \u00eatre transmises ? <\/strong><\/p>\n<\/li>\n<\/ol>\n<p>Dans le cadre de l&rsquo;ex\u00e9cution de nos services, nous pouvons \u00eatre amen\u00e9s \u00e0 sous-traiter, en tout ou en partie, certaines de nos missions \u00e0 des sous-traitants qui nous sont li\u00e9s par contrats (sous-traitant charg\u00e9 de la maintenance de notre infrastructure, de la s\u00e9curit\u00e9 informatique, h\u00e9bergeur, outils de marketing, de helpdesk\u2026). Dessart sa &#8211; nv exige de ses sous-traitants qu&rsquo;ils respectent la l\u00e9gislation relative \u00e0 la protection des donn\u00e9es et pr\u00e9sentent des garanties suffisantes quant \u00e0 la mise en \u0153uvre de mesures techniques et organisationnelles appropri\u00e9es, de mani\u00e8re \u00e0 ce que le traitement r\u00e9ponde aux exigences de la l\u00e9gislation applicable en mati\u00e8re de protection des donn\u00e9es et garantissent la protection de vos droits.<\/p>\n<p>Nous ne vendons pas ni divulguons, de quelque mani\u00e8re que ce soit, les donn\u00e9es que nous recueillons \u00e0 votre sujet \u00e0 des tiers.<\/p>\n<p>Toutefois, si nous y sommes l\u00e9galement oblig\u00e9s ou si une d\u00e9cision judiciaire nous l&rsquo;impose, nous communiquerons vos donn\u00e9es dans la mesure n\u00e9cessaire pour se conformer \u00e0 cette loi ou cette d\u00e9cision judiciaire.<\/p>\n<ol start=\"5\">\n<li>\n<p><strong>Quels sont vos droits ? <\/strong><\/p>\n<\/li>\n<\/ol>\n<ul>\n<li>\n<p>Droit d&rsquo;acc\u00e8s.<br \/>Vous avez le droit de consulter \u00e0 tout moment et gratuitement vos donn\u00e9es, en envoyant un email \u00e0 <a href=\"mailto:contact_us@spleen-creation.be\">info@dessart.be<\/a>.<\/p>\n<\/li>\n<li>\n<p>Droit de rectification.<br \/>Vous avez le droit d&rsquo;exiger que les donn\u00e9es incorrectes soient corrig\u00e9es et que les donn\u00e9es inappropri\u00e9es ou devenues inutiles soient supprim\u00e9es en envoyant un email \u00e0 <a href=\"mailto:contact_us@spleen-creation.be\">info@dessart.be<\/a>.<\/p>\n<\/li>\n<li>\n<p>Droit \u00e0 l&rsquo;oubli.<br \/>Lorsque vous ne souhaitez plus que vos donn\u00e9es soient trait\u00e9es et que vous vous trouvez dans les conditions pour demander le droit \u00e0 l&rsquo;effacement conform\u00e9ment \u00e0 la l\u00e9gislation relative \u00e0 la protection des donn\u00e9es, nous supprimerons vos donn\u00e9es de notre base de donn\u00e9es.<\/p>\n<\/li>\n<li>\n<p>Droit \u00e0 la portabilit\u00e9.<br \/>Pour autant que de besoin, vous aurez \u00e9galement droit \u00e0 la portabilit\u00e9 de vos donn\u00e9es dans les conditions pr\u00e9vues par la l\u00e9gislation applicable en mati\u00e8re de protection des donn\u00e9es.<\/p>\n<\/li>\n<li>\n<p>Droit d&rsquo;opposition. <br \/>Vous disposez d&rsquo;un droit d&rsquo;opposition \u00e0 toute utilisation de vos donn\u00e9es \u00e0 des fins de prospection. Vous pourrez faire valoir votre droit d&rsquo;opposition soit au travers de proc\u00e9d\u00e9s automatis\u00e9s pr\u00e9vus \u00e0 cet effet dans les courriels qui vous sont adress\u00e9s ou, \u00e0 d\u00e9faut, en adressant un email \u00e0 cette fin \u00e0 l&rsquo;adresse suivante : <a href=\"mailto:contact_us@spleen-creation.be\">info@dessart.be<\/a>.<\/p>\n<\/li>\n<li>\n<p>Droit de limitation du traitement.<br \/>Enfin, vous avez le droit d&rsquo;obtenir de Dessart sa &#8211; nv la limitation du traitement de vos donn\u00e9es, conform\u00e9ment \u00e0 la l\u00e9gislation applicable en mati\u00e8re de protection des donn\u00e9es.<\/p>\n<\/li>\n<li>\n<p>Liens vers d&rsquo;autres sites web et services.<br \/>Nos sites peuvent contenir des liens vers des sites tiers, et certains de nos services vous donnent acc\u00e8s \u00e0 des services tiers (comme les r\u00e9seaux sociaux). Nous n&rsquo;avons pas de contr\u00f4le sur la mani\u00e8re dont les sites et services tiers traitent vos informations personnelles. Nous ne v\u00e9rifions pas les sites et services tiers, et nous ne sommes pas responsables de ces sites et services tiers ou de leurs pratiques en mati\u00e8re de protection de la vie priv\u00e9e. Veuillez lire les d\u00e9clarations de protection de la vie priv\u00e9e des sites ou services tiers auxquels vous acc\u00e9dez \u00e0 partir de nos sites ou services.<\/p>\n<\/li>\n<li>\n<p>S\u00e9curit\u00e9.<br \/>Nous avons d\u00e9velopp\u00e9 des r\u00e8gles de s\u00e9curit\u00e9 adapt\u00e9es sur le plan technique et organisationnel, afin d&rsquo;\u00e9viter la destruction, la perte, la falsification, la modification, l&rsquo;acc\u00e8s non autoris\u00e9, la communication accidentelle \u00e0 des tiers, ainsi que tout autre traitement non autoris\u00e9 des donn\u00e9es.<\/p>\n<\/li>\n<li>\n<p>Limitation de responsabilit\u00e9.<br \/>Dessart sa &#8211; nv ne pourra jamais \u00eatre tenue responsable des dommages tels que (sans que la pr\u00e9sente liste soit exhaustive) perte de donn\u00e9es, pr\u00e9judice financier ou commercial, pertes de b\u00e9n\u00e9fices, augmentation de frais g\u00e9n\u00e9raux, perturbation de planning. En outre, Dessart sa &#8211; nv ne peut \u00eatre tenue responsable de tout dommage r\u00e9sultant d&rsquo;une manipulation ill\u00e9gitime commise par des tiers sur les donn\u00e9es (vol de donn\u00e9es, virus, hame\u00e7onnage ou autres infractions informatiques).<\/p>\n<\/li>\n<li>\n<p>Que se passe-t-il en cas de litige ?<br \/>Si vous pensez que nous manquons \u00e0 une de nos obligations l\u00e9gales et\/ou contractuelles, nous vous invitons \u00e0 nous contacter par email \u00e0 l&rsquo;adresse info@dessart.be. Nous mettrons tout en \u0153uvre pour vous assurer un suivi dans les meilleurs d\u00e9lais. Toute r\u00e9clamation, toute plainte ou tout grief est adress\u00e9e \u00e0 l&rsquo;adresse du si\u00e8ge social de Dessart sa &#8211; nv. Au cas o\u00f9 notre r\u00e9ponse ne vous donnerait pas satisfaction, vous avez le droit d&rsquo;introduire une r\u00e9clamation aupr\u00e8s d&rsquo;une autorit\u00e9 de contr\u00f4le.<\/p>\n<\/li>\n<li>\n<p>Droit applicable et juridiction comp\u00e9tente.<br \/>Ces dispositions seront r\u00e9gies, interpr\u00e9t\u00e9es, ex\u00e9cut\u00e9es conform\u00e9ment au droit belge, seul droit applicable, en cas de litige. Tout litige qui n&rsquo;aura pas pu \u00eatre r\u00e9gl\u00e9 \u00e0 l&rsquo;amiable dans un d\u00e9lai n&rsquo;exc\u00e9dant pas un mois \u00e0 compter de sa survenance, ce d\u00e9lai pouvant \u00eatre prolong\u00e9 de commun accord, pourra \u00eatre port\u00e9 par la partie la plus diligente devant les Cours et Tribunaux de langue fran\u00e7aise de l&rsquo;arrondissement judiciaire du Brabant wallon qui seront seuls comp\u00e9tents.<\/p>\n<\/li>\n<li>\n<p>Date d&rsquo;entr\u00e9e en vigueur.<br \/>La pr\u00e9sente politique est cr\u00e9\u00e9e et est entre en vigueur le 25 mai 2018. Nous nous r\u00e9servons le droit, \u00e0 notre enti\u00e8re appr\u00e9ciation, de changer, modifier, ajouter ou supprimer \u00e0 tout moment des parties de la pr\u00e9sente politique.<\/p>\n<\/li>\n<\/ul>\t\t\t\t\t\t<\/div>\n\t\t\t\t<\/div>\n\t\t\t\t\t<\/div>\n\t\t\t\t<\/div>\n\t\t\t\t<\/div>\n\t\t","protected":false},"excerpt":{"rendered":"<p>Quelles sont les donn\u00e9es que nous collectons, pour quelle finalit\u00e9 et sur quelle base l\u00e9gale ? Les donn\u00e9es que nous collectons directement aupr\u00e8s de vous. (Il s&rsquo;agit des donn\u00e9es que vous nous communiquez) : Au travers de notre site internet lorsque vous utilisez le formulaire de contact afin de recevoir une information de notre part [&hellip;]<\/p>\n","protected":false},"author":1,"featured_media":0,"parent":0,"menu_order":0,"comment_status":"closed","ping_status":"open","template":"","meta":{"inline_featured_image":false,"footnotes":""},"class_list":["post-3","page","type-page","status-publish","hentry"],"_links":{"self":[{"href":"https:\/\/dessart.test.spleen-creation.be\/fr\/wp-json\/wp\/v2\/pages\/3","targetHints":{"allow":["GET"]}}],"collection":[{"href":"https:\/\/dessart.test.spleen-creation.be\/fr\/wp-json\/wp\/v2\/pages"}],"about":[{"href":"https:\/\/dessart.test.spleen-creation.be\/fr\/wp-json\/wp\/v2\/types\/page"}],"author":[{"embeddable":true,"href":"https:\/\/dessart.test.spleen-creation.be\/fr\/wp-json\/wp\/v2\/users\/1"}],"replies":[{"embeddable":true,"href":"https:\/\/dessart.test.spleen-creation.be\/fr\/wp-json\/wp\/v2\/comments?post=3"}],"version-history":[{"count":4,"href":"https:\/\/dessart.test.spleen-creation.be\/fr\/wp-json\/wp\/v2\/pages\/3\/revisions"}],"predecessor-version":[{"id":359,"href":"https:\/\/dessart.test.spleen-creation.be\/fr\/wp-json\/wp\/v2\/pages\/3\/revisions\/359"}],"wp:attachment":[{"href":"https:\/\/dessart.test.spleen-creation.be\/fr\/wp-json\/wp\/v2\/media?parent=3"}],"curies":[{"name":"wp","href":"https:\/\/api.w.org\/{rel}","templated":true}]}}