{"id":890,"date":"2024-05-28T10:19:37","date_gmt":"2024-05-28T08:19:37","guid":{"rendered":"https:\/\/dessart.test.spleen-creation.be\/?page_id=890"},"modified":"2024-05-28T10:20:09","modified_gmt":"2024-05-28T08:20:09","slug":"disclaimer","status":"publish","type":"page","link":"https:\/\/dessart.test.spleen-creation.be\/fr\/disclaimer\/","title":{"rendered":"Disclaimer"},"content":{"rendered":"\t\t<div data-elementor-type=\"wp-page\" data-elementor-id=\"890\" class=\"elementor elementor-890\" data-elementor-post-type=\"page\">\n\t\t\t\t<div class=\"elementor-element elementor-element-538a7ab e-flex e-con-boxed e-con e-parent\" data-id=\"538a7ab\" data-element_type=\"container\">\n\t\t\t\t\t<div class=\"e-con-inner\">\n\t\t\t\t<div class=\"elementor-element elementor-element-8c70212 elementor-widget elementor-widget-text-editor\" data-id=\"8c70212\" data-element_type=\"widget\" data-widget_type=\"text-editor.default\">\n\t\t\t\t<div class=\"elementor-widget-container\">\n\t\t\t<style>\/*! elementor - v3.21.0 - 26-05-2024 *\/\n.elementor-widget-text-editor.elementor-drop-cap-view-stacked .elementor-drop-cap{background-color:#69727d;color:#fff}.elementor-widget-text-editor.elementor-drop-cap-view-framed .elementor-drop-cap{color:#69727d;border:3px solid;background-color:transparent}.elementor-widget-text-editor:not(.elementor-drop-cap-view-default) .elementor-drop-cap{margin-top:8px}.elementor-widget-text-editor:not(.elementor-drop-cap-view-default) .elementor-drop-cap-letter{width:1em;height:1em}.elementor-widget-text-editor .elementor-drop-cap{float:left;text-align:center;line-height:1;font-size:50px}.elementor-widget-text-editor .elementor-drop-cap-letter{display:inline-block}<\/style>\t\t\t\t<h2>Mentions L\u00e9gales<\/h2><p><em>Malgr\u00e9 le soin apport\u00e9 par notre \u00e9quipe pour assurer l&rsquo;exactitude des informations publi\u00e9es, ces informations venant de sources tr\u00e8s diverses, ni l&rsquo;\u00e9diteur ni l&rsquo;h\u00e9bergeur ne pourraient \u00eatre tenus responsables d&rsquo;\u00e9ventuelles erreurs ou omissions.<\/em><\/p><p><strong>Termes et Conditions d&rsquo;Utilisation <\/strong><\/p><p>Ce site est limit\u00e9 \u00e0 votre usage personnel. Vous n&rsquo;\u00eates pas autoris\u00e9 \u00e0 \u00e9changer, vendre ou modifier le contenu du site, qu&rsquo;il s&rsquo;agisse des textes ou des images anim\u00e9es ou non, et ce, pour quelque utilisation commerciale ou publique que ce soit. Il vous est seulement accord\u00e9 le droit d&rsquo;afficher et d&rsquo;utiliser ce site pour votre information personnelle et vous acceptez de ne pas interrompre ou tenter d&rsquo;interrompre son fonctionnement, et ce, par quelque moyen que ce soit.<\/p><p><strong>Personnes mineures<\/strong><\/p><p>Si vous \u00eates mineur, il vous appartient de demander l&rsquo;accord aupr\u00e8s de vos parents ou repr\u00e9sentants l\u00e9gaux avant d&rsquo;adresser tout type d&rsquo;information sur ce site. Ces dispositions concernent l&rsquo;envoi d&rsquo;Emails, les demandes de r\u00e9ponse, l&rsquo;envoi d&rsquo;information sur ce site.<\/p><p><strong>Modification du contenu des Termes et Conditions d&rsquo;Utilisation et du Contenu du site.<\/strong><\/p><p>Ce site peut \u00e0 tout moment changer, modifier ou annuler tout ou partie des pr\u00e9sents termes et conditions d&rsquo;utilisation, sans avertissement. Toute modification prend effet \u00e0 date de publication. Le fait de continuer \u00e0 utiliser ce site apr\u00e8s la publication de ces changements valide votre acceptation de ces changements. Ce site peut par ailleurs modifier le contenu de ce site \u00e0 tout instant, qu&rsquo;il s&rsquo;agisse du contenu, de la pr\u00e9sentation ou de tout \u00e9l\u00e9ment.<\/p><p><strong>Disponibilit\u00e9 des produits et services<\/strong><\/p><p>Les services et produits affich\u00e9s sur ce site peuvent \u00eatre indisponibles dans nos magasins. Il vous appartient de le v\u00e9rifier \u00e0 tout moment.<\/p>\t\t\t\t\t\t<\/div>\n\t\t\t\t<\/div>\n\t\t\t\t\t<\/div>\n\t\t\t\t<\/div>\n\t\t\t\t<\/div>\n\t\t","protected":false},"excerpt":{"rendered":"<p>Mentions L\u00e9gales Malgr\u00e9 le soin apport\u00e9 par notre \u00e9quipe pour assurer l&rsquo;exactitude des informations publi\u00e9es, ces informations venant de sources tr\u00e8s diverses, ni l&rsquo;\u00e9diteur ni l&rsquo;h\u00e9bergeur ne pourraient \u00eatre tenus responsables d&rsquo;\u00e9ventuelles erreurs ou omissions. Termes et Conditions d&rsquo;Utilisation Ce site est limit\u00e9 \u00e0 votre usage personnel. Vous n&rsquo;\u00eates pas autoris\u00e9 \u00e0 \u00e9changer, vendre ou [&hellip;]<\/p>\n","protected":false},"author":1,"featured_media":0,"parent":0,"menu_order":0,"comment_status":"closed","ping_status":"closed","template":"","meta":{"inline_featured_image":false,"footnotes":""},"class_list":["post-890","page","type-page","status-publish","hentry"],"_links":{"self":[{"href":"https:\/\/dessart.test.spleen-creation.be\/fr\/wp-json\/wp\/v2\/pages\/890","targetHints":{"allow":["GET"]}}],"collection":[{"href":"https:\/\/dessart.test.spleen-creation.be\/fr\/wp-json\/wp\/v2\/pages"}],"about":[{"href":"https:\/\/dessart.test.spleen-creation.be\/fr\/wp-json\/wp\/v2\/types\/page"}],"author":[{"embeddable":true,"href":"https:\/\/dessart.test.spleen-creation.be\/fr\/wp-json\/wp\/v2\/users\/1"}],"replies":[{"embeddable":true,"href":"https:\/\/dessart.test.spleen-creation.be\/fr\/wp-json\/wp\/v2\/comments?post=890"}],"version-history":[{"count":4,"href":"https:\/\/dessart.test.spleen-creation.be\/fr\/wp-json\/wp\/v2\/pages\/890\/revisions"}],"predecessor-version":[{"id":894,"href":"https:\/\/dessart.test.spleen-creation.be\/fr\/wp-json\/wp\/v2\/pages\/890\/revisions\/894"}],"wp:attachment":[{"href":"https:\/\/dessart.test.spleen-creation.be\/fr\/wp-json\/wp\/v2\/media?parent=890"}],"curies":[{"name":"wp","href":"https:\/\/api.w.org\/{rel}","templated":true}]}}