{"id":895,"date":"2024-05-28T10:20:28","date_gmt":"2024-05-28T08:20:28","guid":{"rendered":"https:\/\/dessart.test.spleen-creation.be\/?page_id=895"},"modified":"2024-05-28T10:21:19","modified_gmt":"2024-05-28T08:21:19","slug":"conditions-generales","status":"publish","type":"page","link":"https:\/\/dessart.test.spleen-creation.be\/fr\/conditions-generales\/","title":{"rendered":"Conditions g\u00e9n\u00e9rales"},"content":{"rendered":"\t\t<div data-elementor-type=\"wp-page\" data-elementor-id=\"895\" class=\"elementor elementor-895\" data-elementor-post-type=\"page\">\n\t\t\t\t<div class=\"elementor-element elementor-element-9f7478d e-flex e-con-boxed e-con e-parent\" data-id=\"9f7478d\" data-element_type=\"container\">\n\t\t\t\t\t<div class=\"e-con-inner\">\n\t\t\t\t<div class=\"elementor-element elementor-element-d41a47d elementor-widget elementor-widget-text-editor\" data-id=\"d41a47d\" data-element_type=\"widget\" data-widget_type=\"text-editor.default\">\n\t\t\t\t<div class=\"elementor-widget-container\">\n\t\t\t<style>\/*! elementor - v3.21.0 - 26-05-2024 *\/\n.elementor-widget-text-editor.elementor-drop-cap-view-stacked .elementor-drop-cap{background-color:#69727d;color:#fff}.elementor-widget-text-editor.elementor-drop-cap-view-framed .elementor-drop-cap{color:#69727d;border:3px solid;background-color:transparent}.elementor-widget-text-editor:not(.elementor-drop-cap-view-default) .elementor-drop-cap{margin-top:8px}.elementor-widget-text-editor:not(.elementor-drop-cap-view-default) .elementor-drop-cap-letter{width:1em;height:1em}.elementor-widget-text-editor .elementor-drop-cap{float:left;text-align:center;line-height:1;font-size:50px}.elementor-widget-text-editor .elementor-drop-cap-letter{display:inline-block}<\/style>\t\t\t\t<p>Sauf stipulation contraire, le montant des factures est payable au comptant \u00e0 notre si\u00e8ge.<\/p><p>Le d\u00e9faut de paiement d&rsquo;une seule facture a son ech\u00e8ance, le prot\u00eat d&rsquo;un effet de commerce, m\u00eame non-accept\u00e9, toutes demandes de concordat amiable ou judiciaire, ou tout autre fait pouvant laisser pr\u00e9voir l&rsquo;insolvabilit\u00e9 de l&rsquo;acheteur, entraine la d\u00e9ch\u00e9ance du terme accord\u00e9 pour le paiement de toutes marchandises livr\u00e9es au \u00e0 livrer, et rendent ce paiement imm\u00e9diatement exigible. Ces circonstances nous conf\u00e8rent d&rsquo;office le droit de r\u00e9silier les march\u00e9s en cours, et ce par lettre recommand\u00e9e, et sans que cela puisse donner lieu pour l&rsquo;acheteur au moindre d\u00e9dommagement.<\/p><p>A d\u00e9faut de paiement \u00e0 son \u00e9ch\u00e9ance de tout ou partie d&rsquo;une facture, le montant impay\u00e9 sera major\u00e9 de plein droit et sans mise en demeure pr\u00e9alable, d&rsquo;une indemnit\u00e9 forfaitaire, \u00e9gale \u00e0 20% sans que cette indemnit\u00e9 puisse \u00eatre inf\u00e9rieure a 49,58\u20ac.<\/p><p>En outre un int\u00e9r\u00eat de 12% l&rsquo;an sera exigible de plein droit et sans mise en demeure pr\u00e9alable \u00e0 partir de l&rsquo;\u00e9ch\u00e9ance de Ia facture.<\/p><p>Toutes nos marchandises voyagent d\u00e9part usine au d\u00e9p\u00f4t aux risques et p\u00e9rils de l&rsquo;acheteur.<\/p><p>Tous litiges se rapportant \u00e0 l&rsquo;interpr\u00e9tation ou \u00e0 l&rsquo;ex\u00e9cution du pr\u00e9sent contrat seront de Ia comp\u00e9tence exclusive des Tribunaux de Bruxelles, et s&rsquo;il \u00e9chet de Ia Justice de Paix du 1er Cantonde Bruxelles.<\/p>\t\t\t\t\t\t<\/div>\n\t\t\t\t<\/div>\n\t\t\t\t\t<\/div>\n\t\t\t\t<\/div>\n\t\t\t\t<\/div>\n\t\t","protected":false},"excerpt":{"rendered":"<p>Sauf stipulation contraire, le montant des factures est payable au comptant \u00e0 notre si\u00e8ge. Le d\u00e9faut de paiement d&rsquo;une seule facture a son ech\u00e8ance, le prot\u00eat d&rsquo;un effet de commerce, m\u00eame non-accept\u00e9, toutes demandes de concordat amiable ou judiciaire, ou tout autre fait pouvant laisser pr\u00e9voir l&rsquo;insolvabilit\u00e9 de l&rsquo;acheteur, entraine la d\u00e9ch\u00e9ance du terme accord\u00e9 [&hellip;]<\/p>\n","protected":false},"author":1,"featured_media":0,"parent":0,"menu_order":0,"comment_status":"closed","ping_status":"closed","template":"","meta":{"inline_featured_image":false,"footnotes":""},"class_list":["post-895","page","type-page","status-publish","hentry"],"_links":{"self":[{"href":"https:\/\/dessart.test.spleen-creation.be\/fr\/wp-json\/wp\/v2\/pages\/895","targetHints":{"allow":["GET"]}}],"collection":[{"href":"https:\/\/dessart.test.spleen-creation.be\/fr\/wp-json\/wp\/v2\/pages"}],"about":[{"href":"https:\/\/dessart.test.spleen-creation.be\/fr\/wp-json\/wp\/v2\/types\/page"}],"author":[{"embeddable":true,"href":"https:\/\/dessart.test.spleen-creation.be\/fr\/wp-json\/wp\/v2\/users\/1"}],"replies":[{"embeddable":true,"href":"https:\/\/dessart.test.spleen-creation.be\/fr\/wp-json\/wp\/v2\/comments?post=895"}],"version-history":[{"count":4,"href":"https:\/\/dessart.test.spleen-creation.be\/fr\/wp-json\/wp\/v2\/pages\/895\/revisions"}],"predecessor-version":[{"id":899,"href":"https:\/\/dessart.test.spleen-creation.be\/fr\/wp-json\/wp\/v2\/pages\/895\/revisions\/899"}],"wp:attachment":[{"href":"https:\/\/dessart.test.spleen-creation.be\/fr\/wp-json\/wp\/v2\/media?parent=895"}],"curies":[{"name":"wp","href":"https:\/\/api.w.org\/{rel}","templated":true}]}}